{"id":145,"date":"2022-11-09T15:01:37","date_gmt":"2022-11-09T14:01:37","guid":{"rendered":"https:\/\/voedersmellaerts.eu\/?page_id=145"},"modified":"2024-04-25T14:59:46","modified_gmt":"2024-04-25T12:59:46","slug":"notre-equipe","status":"publish","type":"page","link":"https:\/\/voedersmellaerts.eu\/nl\/about-us\/notre-equipe\/","title":{"rendered":"Medewerkers"},"content":{"rendered":"<div data-elementor-type=\"wp-page\" data-elementor-id=\"145\" class=\"elementor elementor-145\">\n\t\t\t\t\t\t<section class=\"elementor-section elementor-top-section elementor-element elementor-element-83b962e elementor-section-full_width elementor-section-stretched elementor-section-height-default elementor-section-height-default\" data-id=\"83b962e\" data-element_type=\"section\" data-settings=\"{&quot;stretch_section&quot;:&quot;section-stretched&quot;}\">\n\t\t\t\t\t\t<div class=\"elementor-container elementor-column-gap-default\">\n\t\t\t\t\t<div class=\"elementor-column elementor-col-100 elementor-top-column elementor-element elementor-element-76f316f nowrapping\" data-id=\"76f316f\" data-element_type=\"column\">\n\t\t\t<div class=\"elementor-widget-wrap elementor-element-populated\">\n\t\t\t\t\t\t<div class=\"elementor-element elementor-element-8cf5bba elementor-widget elementor-widget-shortcode\" data-id=\"8cf5bba\" data-element_type=\"widget\" data-widget_type=\"shortcode.default\">\n\t\t\t\t<div class=\"elementor-widget-container\">\n\t\t\t\t\t\t\t<div class=\"elementor-shortcode\">\t\t<div data-elementor-type=\"wp-post\" data-elementor-id=\"1120\" class=\"elementor elementor-1120\">\n\t\t\t\t\t\t<section class=\"elementor-section elementor-top-section elementor-element elementor-element-63d5b67 elementor-section-height-min-height elementor-section-items-stretch elementor-section-content-middle elementor-section-boxed elementor-section-height-default\" data-id=\"63d5b67\" data-element_type=\"section\" data-settings=\"{&quot;background_background&quot;:&quot;slideshow&quot;,&quot;background_slideshow_gallery&quot;:[{&quot;id&quot;:1094,&quot;url&quot;:&quot;https:\\\/\\\/voedersmellaerts.eu\\\/wp-content\\\/uploads\\\/2023\\\/04\\\/slide0.jpg&quot;},{&quot;id&quot;:1015,&quot;url&quot;:&quot;https:\\\/\\\/voedersmellaerts.eu\\\/wp-content\\\/uploads\\\/2023\\\/04\\\/slide4.jpg&quot;},{&quot;id&quot;:1250,&quot;url&quot;:&quot;https:\\\/\\\/voedersmellaerts.eu\\\/wp-content\\\/uploads\\\/2023\\\/04\\\/slide5.jpg&quot;},{&quot;id&quot;:1014,&quot;url&quot;:&quot;https:\\\/\\\/voedersmellaerts.eu\\\/wp-content\\\/uploads\\\/2023\\\/04\\\/slide3.jpg&quot;},{&quot;id&quot;:1013,&quot;url&quot;:&quot;https:\\\/\\\/voedersmellaerts.eu\\\/wp-content\\\/uploads\\\/2023\\\/04\\\/slide2.jpg&quot;},{&quot;id&quot;:1012,&quot;url&quot;:&quot;https:\\\/\\\/voedersmellaerts.eu\\\/wp-content\\\/uploads\\\/2023\\\/04\\\/slide1.jpg&quot;}],&quot;background_slideshow_transition_duration&quot;:750,&quot;background_slideshow_loop&quot;:&quot;yes&quot;,&quot;background_slideshow_slide_duration&quot;:5000,&quot;background_slideshow_slide_transition&quot;:&quot;fade&quot;}\">\n\t\t\t\t\t\t\t<div class=\"elementor-background-overlay\"><\/div>\n\t\t\t\t\t\t\t<div class=\"elementor-container elementor-column-gap-no\">\n\t\t\t\t\t<div class=\"elementor-column elementor-col-100 elementor-top-column elementor-element elementor-element-77ce3b99\" data-id=\"77ce3b99\" data-element_type=\"column\" data-settings=\"{&quot;background_background&quot;:&quot;slideshow&quot;,&quot;background_slideshow_gallery&quot;:[],&quot;background_slideshow_loop&quot;:&quot;yes&quot;,&quot;background_slideshow_slide_duration&quot;:5000,&quot;background_slideshow_slide_transition&quot;:&quot;fade&quot;,&quot;background_slideshow_transition_duration&quot;:500}\">\n\t\t\t<div class=\"elementor-widget-wrap elementor-element-populated\">\n\t\t\t\t\t\t<div class=\"elementor-element elementor-element-5086a70c elementor-invisible elementor-widget elementor-widget-heading\" data-id=\"5086a70c\" data-element_type=\"widget\" data-settings=\"{&quot;_animation&quot;:&quot;fadeIn&quot;}\" data-widget_type=\"heading.default\">\n\t\t\t\t<div class=\"elementor-widget-container\">\n\t\t\t\t\t<h1 class=\"elementor-heading-title elementor-size-default\">Mengvoederfabrikant van <br>\ndroge en semi-natte veevoeders<\/h1>\t\t\t\t<\/div>\n\t\t\t\t<\/div>\n\t\t\t\t<div class=\"elementor-element elementor-element-3343b71b elementor-invisible elementor-widget elementor-widget-heading\" data-id=\"3343b71b\" data-element_type=\"widget\" data-settings=\"{&quot;_animation&quot;:&quot;fadeIn&quot;}\" data-widget_type=\"heading.default\">\n\t\t\t\t<div class=\"elementor-widget-container\">\n\t\t\t\t\t<h5 class=\"elementor-heading-title elementor-size-default\">Kwaliteitsvolle voeders, flexibiliteit en klanttevredenheid zijn voor ons essentieel!<\/h5>\t\t\t\t<\/div>\n\t\t\t\t<\/div>\n\t\t\t\t<div class=\"elementor-element elementor-element-3fcb0560 elementor-widget elementor-widget-text-editor\" data-id=\"3fcb0560\" data-element_type=\"widget\" data-widget_type=\"text-editor.default\">\n\t\t\t\t<div class=\"elementor-widget-container\">\n\t\t\t\t\t\t\t\t\t<i class=\"las la-award\"><\/i>\t\t\t\t\t\t\t\t<\/div>\n\t\t\t\t<\/div>\n\t\t\t\t\t<\/div>\n\t\t<\/div>\n\t\t\t\t\t<\/div>\n\t\t<\/section>\n\t\t\t\t<\/div>\n\t\t<\/div>\n\t\t\t\t\t\t<\/div>\n\t\t\t\t<\/div>\n\t\t\t\t\t<\/div>\n\t\t<\/div>\n\t\t\t\t\t<\/div>\n\t\t<\/section>\n\t\t\t\t<section class=\"elementor-section elementor-top-section elementor-element elementor-element-1995856f elementor-section-content-middle elementor-section-boxed elementor-section-height-default elementor-section-height-default\" data-id=\"1995856f\" data-element_type=\"section\">\n\t\t\t\t\t\t<div class=\"elementor-container elementor-column-gap-no\">\n\t\t\t\t\t<div class=\"elementor-column elementor-col-100 elementor-top-column elementor-element elementor-element-64d98485\" data-id=\"64d98485\" data-element_type=\"column\">\n\t\t\t<div class=\"elementor-widget-wrap elementor-element-populated\">\n\t\t\t\t\t\t<div class=\"elementor-element elementor-element-54893455 elementor-widget elementor-widget-heading\" data-id=\"54893455\" data-element_type=\"widget\" data-widget_type=\"heading.default\">\n\t\t\t\t<div class=\"elementor-widget-container\">\n\t\t\t\t\t<h2 class=\"elementor-heading-title elementor-size-default\">Ons team staat altijd voor u klaar!<\/h2>\t\t\t\t<\/div>\n\t\t\t\t<\/div>\n\t\t\t\t<div class=\"elementor-element elementor-element-40d32cd9 elementor-widget elementor-widget-text-editor\" data-id=\"40d32cd9\" data-element_type=\"widget\" data-widget_type=\"text-editor.default\">\n\t\t\t\t<div class=\"elementor-widget-container\">\n\t\t\t\t\t\t\t\t\t<p>Op het bedrijf werken we met 6 medewerkers zowel voor de administratieve diensten optimaal te verwerken, als in de molen en voor het maken van de voeders.\nDaarnaast hebben we nog 10 chauffeurs in dienst van onze transportfirma Transweb die alle voeders en producten vlekkeloos ter plaatse brengen.\nVoor de verkoop hebben we 4<span style=\"color: var( --e-global-color-primary ); background-color: var( --e-global-color-c696dce );\">&nbsp;medewerker in dienst die tot bij de klant op het bedrijf gaat om te kijken wat de beste oplossing is voor uw bedrijf en voor elk nutritioneel advies.<\/span><span style=\"color: var( --e-global-color-primary ); background-color: var( --e-global-color-c696dce );\">&nbsp;<\/span><\/p>\t\t\t\t\t\t\t\t<\/div>\n\t\t\t\t<\/div>\n\t\t\t\t\t<\/div>\n\t\t<\/div>\n\t\t\t\t\t<\/div>\n\t\t<\/section>\n\t\t\t\t<section class=\"elementor-section elementor-top-section elementor-element elementor-element-11acfeb elementor-section-boxed elementor-section-height-default elementor-section-height-default\" data-id=\"11acfeb\" data-element_type=\"section\">\n\t\t\t\t\t\t<div class=\"elementor-container elementor-column-gap-default\">\n\t\t\t\t\t<div class=\"elementor-column elementor-col-100 elementor-top-column elementor-element elementor-element-ead8869\" data-id=\"ead8869\" data-element_type=\"column\">\n\t\t\t<div class=\"elementor-widget-wrap elementor-element-populated\">\n\t\t\t\t\t\t<div class=\"elementor-element elementor-element-8f5af61 elementor-widget elementor-widget-image\" data-id=\"8f5af61\" data-element_type=\"widget\" data-widget_type=\"image.default\">\n\t\t\t\t<div class=\"elementor-widget-container\">\n\t\t\t\t\t\t\t\t\t\t\t\t\t\t\t<img fetchpriority=\"high\" decoding=\"async\" width=\"1024\" height=\"577\" src=\"https:\/\/voedersmellaerts.eu\/wp-content\/uploads\/2023\/05\/equipe-camion-1024x577.jpg\" class=\"attachment-large size-large wp-image-1320\" alt=\"\" srcset=\"https:\/\/voedersmellaerts.eu\/wp-content\/uploads\/2023\/05\/equipe-camion-1024x577.jpg 1024w, https:\/\/voedersmellaerts.eu\/wp-content\/uploads\/2023\/05\/equipe-camion-300x169.jpg 300w, https:\/\/voedersmellaerts.eu\/wp-content\/uploads\/2023\/05\/equipe-camion-768x432.jpg 768w, https:\/\/voedersmellaerts.eu\/wp-content\/uploads\/2023\/05\/equipe-camion-1536x865.jpg 1536w, https:\/\/voedersmellaerts.eu\/wp-content\/uploads\/2023\/05\/equipe-camion-18x10.jpg 18w, https:\/\/voedersmellaerts.eu\/wp-content\/uploads\/2023\/05\/equipe-camion.jpg 2000w\" sizes=\"(max-width: 1024px) 100vw, 1024px\" \/>\t\t\t\t\t\t\t\t\t\t\t\t\t\t\t<\/div>\n\t\t\t\t<\/div>\n\t\t\t\t\t<\/div>\n\t\t<\/div>\n\t\t\t\t\t<\/div>\n\t\t<\/section>\n\t\t\t\t<\/div>","protected":false},"excerpt":{"rendered":"<p>Une \u00e9quipe \u00e0 votre service ! Notre \u00e9quipe est compos\u00e9e de 6 employ\u00e9s. Une partie s\u2019occupe de toute la partie administrative afin d\u2019assurer un service optimal au quotidien. D\u2019autre part, l&rsquo;autre \u00e9quipe s\u2019occupe dans l\u2019usine de toute la production. De plus, nous employons 12 chauffeurs dans notre soci\u00e9t\u00e9 de transport Transweb afin d\u2019assurer un transport [&hellip;]<\/p>","protected":false},"author":1,"featured_media":0,"parent":140,"menu_order":0,"comment_status":"closed","ping_status":"closed","template":"","meta":{"footnotes":""},"class_list":["post-145","page","type-page","status-publish","hentry","wpbf-post"],"_links":{"self":[{"href":"https:\/\/voedersmellaerts.eu\/nl\/wp-json\/wp\/v2\/pages\/145","targetHints":{"allow":["GET"]}}],"collection":[{"href":"https:\/\/voedersmellaerts.eu\/nl\/wp-json\/wp\/v2\/pages"}],"about":[{"href":"https:\/\/voedersmellaerts.eu\/nl\/wp-json\/wp\/v2\/types\/page"}],"author":[{"embeddable":true,"href":"https:\/\/voedersmellaerts.eu\/nl\/wp-json\/wp\/v2\/users\/1"}],"replies":[{"embeddable":true,"href":"https:\/\/voedersmellaerts.eu\/nl\/wp-json\/wp\/v2\/comments?post=145"}],"version-history":[{"count":113,"href":"https:\/\/voedersmellaerts.eu\/nl\/wp-json\/wp\/v2\/pages\/145\/revisions"}],"predecessor-version":[{"id":1535,"href":"https:\/\/voedersmellaerts.eu\/nl\/wp-json\/wp\/v2\/pages\/145\/revisions\/1535"}],"up":[{"embeddable":true,"href":"https:\/\/voedersmellaerts.eu\/nl\/wp-json\/wp\/v2\/pages\/140"}],"wp:attachment":[{"href":"https:\/\/voedersmellaerts.eu\/nl\/wp-json\/wp\/v2\/media?parent=145"}],"curies":[{"name":"wp","href":"https:\/\/api.w.org\/{rel}","templated":true}]}}