{"id":1545,"date":"2025-01-23T19:28:07","date_gmt":"2025-01-23T18:28:07","guid":{"rendered":"https:\/\/voedersmellaerts.eu\/?page_id=1545"},"modified":"2025-01-30T18:38:20","modified_gmt":"2025-01-30T17:38:20","slug":"aliplus","status":"publish","type":"page","link":"https:\/\/voedersmellaerts.eu\/nl\/nos-produits\/aliplus\/","title":{"rendered":"Aliplus"},"content":{"rendered":"<div data-elementor-type=\"wp-page\" data-elementor-id=\"1545\" class=\"elementor elementor-1545\">\n\t\t\t\t\t\t<section class=\"elementor-section elementor-top-section elementor-element elementor-element-02cfd66 elementor-section-full_width elementor-section-stretched elementor-section-height-default elementor-section-height-default\" data-id=\"02cfd66\" data-element_type=\"section\" data-settings=\"{&quot;stretch_section&quot;:&quot;section-stretched&quot;}\">\n\t\t\t\t\t\t<div class=\"elementor-container elementor-column-gap-default\">\n\t\t\t\t\t<div class=\"elementor-column elementor-col-100 elementor-top-column elementor-element elementor-element-f1c9491 nowrapping\" data-id=\"f1c9491\" data-element_type=\"column\">\n\t\t\t<div class=\"elementor-widget-wrap elementor-element-populated\">\n\t\t\t\t\t\t<div class=\"elementor-element elementor-element-d6c1e3b elementor-widget elementor-widget-shortcode\" data-id=\"d6c1e3b\" data-element_type=\"widget\" data-widget_type=\"shortcode.default\">\n\t\t\t\t<div class=\"elementor-widget-container\">\n\t\t\t\t\t\t\t<div class=\"elementor-shortcode\">\t\t<div data-elementor-type=\"wp-post\" data-elementor-id=\"1120\" class=\"elementor elementor-1120\">\n\t\t\t\t\t\t<section class=\"elementor-section elementor-top-section elementor-element elementor-element-63d5b67 elementor-section-height-min-height elementor-section-items-stretch elementor-section-content-middle elementor-section-boxed elementor-section-height-default\" data-id=\"63d5b67\" data-element_type=\"section\" data-settings=\"{&quot;background_background&quot;:&quot;slideshow&quot;,&quot;background_slideshow_gallery&quot;:[{&quot;id&quot;:1094,&quot;url&quot;:&quot;https:\\\/\\\/voedersmellaerts.eu\\\/wp-content\\\/uploads\\\/2023\\\/04\\\/slide0.jpg&quot;},{&quot;id&quot;:1015,&quot;url&quot;:&quot;https:\\\/\\\/voedersmellaerts.eu\\\/wp-content\\\/uploads\\\/2023\\\/04\\\/slide4.jpg&quot;},{&quot;id&quot;:1250,&quot;url&quot;:&quot;https:\\\/\\\/voedersmellaerts.eu\\\/wp-content\\\/uploads\\\/2023\\\/04\\\/slide5.jpg&quot;},{&quot;id&quot;:1014,&quot;url&quot;:&quot;https:\\\/\\\/voedersmellaerts.eu\\\/wp-content\\\/uploads\\\/2023\\\/04\\\/slide3.jpg&quot;},{&quot;id&quot;:1013,&quot;url&quot;:&quot;https:\\\/\\\/voedersmellaerts.eu\\\/wp-content\\\/uploads\\\/2023\\\/04\\\/slide2.jpg&quot;},{&quot;id&quot;:1012,&quot;url&quot;:&quot;https:\\\/\\\/voedersmellaerts.eu\\\/wp-content\\\/uploads\\\/2023\\\/04\\\/slide1.jpg&quot;}],&quot;background_slideshow_transition_duration&quot;:750,&quot;background_slideshow_loop&quot;:&quot;yes&quot;,&quot;background_slideshow_slide_duration&quot;:5000,&quot;background_slideshow_slide_transition&quot;:&quot;fade&quot;}\">\n\t\t\t\t\t\t\t<div class=\"elementor-background-overlay\"><\/div>\n\t\t\t\t\t\t\t<div class=\"elementor-container elementor-column-gap-no\">\n\t\t\t\t\t<div class=\"elementor-column elementor-col-100 elementor-top-column elementor-element elementor-element-77ce3b99\" data-id=\"77ce3b99\" data-element_type=\"column\" data-settings=\"{&quot;background_background&quot;:&quot;slideshow&quot;,&quot;background_slideshow_gallery&quot;:[],&quot;background_slideshow_loop&quot;:&quot;yes&quot;,&quot;background_slideshow_slide_duration&quot;:5000,&quot;background_slideshow_slide_transition&quot;:&quot;fade&quot;,&quot;background_slideshow_transition_duration&quot;:500}\">\n\t\t\t<div class=\"elementor-widget-wrap elementor-element-populated\">\n\t\t\t\t\t\t<div class=\"elementor-element elementor-element-5086a70c elementor-invisible elementor-widget elementor-widget-heading\" data-id=\"5086a70c\" data-element_type=\"widget\" data-settings=\"{&quot;_animation&quot;:&quot;fadeIn&quot;}\" data-widget_type=\"heading.default\">\n\t\t\t\t<div class=\"elementor-widget-container\">\n\t\t\t\t\t<h1 class=\"elementor-heading-title elementor-size-default\">Mengvoederfabrikant van <br>\ndroge en semi-natte veevoeders<\/h1>\t\t\t\t<\/div>\n\t\t\t\t<\/div>\n\t\t\t\t<div class=\"elementor-element elementor-element-3343b71b elementor-invisible elementor-widget elementor-widget-heading\" data-id=\"3343b71b\" data-element_type=\"widget\" data-settings=\"{&quot;_animation&quot;:&quot;fadeIn&quot;}\" data-widget_type=\"heading.default\">\n\t\t\t\t<div class=\"elementor-widget-container\">\n\t\t\t\t\t<h5 class=\"elementor-heading-title elementor-size-default\">Kwaliteitsvolle voeders, flexibiliteit en klanttevredenheid zijn voor ons essentieel!<\/h5>\t\t\t\t<\/div>\n\t\t\t\t<\/div>\n\t\t\t\t<div class=\"elementor-element elementor-element-3fcb0560 elementor-widget elementor-widget-text-editor\" data-id=\"3fcb0560\" data-element_type=\"widget\" data-widget_type=\"text-editor.default\">\n\t\t\t\t<div class=\"elementor-widget-container\">\n\t\t\t\t\t\t\t\t\t<i class=\"las la-award\"><\/i>\t\t\t\t\t\t\t\t<\/div>\n\t\t\t\t<\/div>\n\t\t\t\t\t<\/div>\n\t\t<\/div>\n\t\t\t\t\t<\/div>\n\t\t<\/section>\n\t\t\t\t<\/div>\n\t\t<\/div>\n\t\t\t\t\t\t<\/div>\n\t\t\t\t<\/div>\n\t\t\t\t\t<\/div>\n\t\t<\/div>\n\t\t\t\t\t<\/div>\n\t\t<\/section>\n\t\t\t\t<section class=\"elementor-section elementor-top-section elementor-element elementor-element-547ad66 elementor-section-content-middle elementor-section-boxed elementor-section-height-default elementor-section-height-default\" data-id=\"547ad66\" data-element_type=\"section\">\n\t\t\t\t\t\t<div class=\"elementor-container elementor-column-gap-no\">\n\t\t\t\t\t<div class=\"elementor-column elementor-col-100 elementor-top-column elementor-element elementor-element-066b0da\" data-id=\"066b0da\" data-element_type=\"column\">\n\t\t\t<div class=\"elementor-widget-wrap elementor-element-populated\">\n\t\t\t\t\t\t<div class=\"elementor-element elementor-element-6327735 elementor-widget elementor-widget-heading\" data-id=\"6327735\" data-element_type=\"widget\" data-widget_type=\"heading.default\">\n\t\t\t\t<div class=\"elementor-widget-container\">\n\t\t\t\t\t<h2 class=\"elementor-heading-title elementor-size-default\">Invoerder van de Aliplus methode over heel Belgi\u00eb.<\/h2>\t\t\t\t<\/div>\n\t\t\t\t<\/div>\n\t\t\t\t<div class=\"elementor-element elementor-element-725c1df elementor-widget elementor-widget-text-editor\" data-id=\"725c1df\" data-element_type=\"widget\" data-widget_type=\"text-editor.default\">\n\t\t\t\t<div class=\"elementor-widget-container\">\n\t\t\t\t\t\t\t\t\t<p>Een innovatieve methode die een natuurlijke biochemische reactie cre\u00ebert, waardoor granen worden\nomgezet in een veilig voedermiddel met een uitzonderlijke weerstand tegen verzuring en verhoogt\ntegelijkertijd het eiwitgehalte van het voer met 4,8 procentpunten!<\/p>\t\t\t\t\t\t\t\t<\/div>\n\t\t\t\t<\/div>\n\t\t\t\t\t<\/div>\n\t\t<\/div>\n\t\t\t\t\t<\/div>\n\t\t<\/section>\n\t\t\t\t<section class=\"elementor-section elementor-top-section elementor-element elementor-element-59f22cd elementor-section-boxed elementor-section-height-default elementor-section-height-default\" data-id=\"59f22cd\" data-element_type=\"section\">\n\t\t\t\t\t\t<div class=\"elementor-container elementor-column-gap-default\">\n\t\t\t\t\t<div class=\"elementor-column elementor-col-100 elementor-top-column elementor-element elementor-element-0f56dc0\" data-id=\"0f56dc0\" data-element_type=\"column\">\n\t\t\t<div class=\"elementor-widget-wrap elementor-element-populated\">\n\t\t\t\t\t\t<div class=\"elementor-element elementor-element-4a68058 elementor-widget elementor-widget-image\" data-id=\"4a68058\" data-element_type=\"widget\" data-widget_type=\"image.default\">\n\t\t\t\t<div class=\"elementor-widget-container\">\n\t\t\t\t\t\t\t\t\t\t\t\t\t\t\t<img fetchpriority=\"high\" decoding=\"async\" width=\"1024\" height=\"266\" src=\"https:\/\/voedersmellaerts.eu\/wp-content\/uploads\/2025\/01\/sac-et-cereales-aliplus_2-1024x266.jpg\" class=\"attachment-large size-large wp-image-1551\" alt=\"\" srcset=\"https:\/\/voedersmellaerts.eu\/wp-content\/uploads\/2025\/01\/sac-et-cereales-aliplus_2-1024x266.jpg 1024w, https:\/\/voedersmellaerts.eu\/wp-content\/uploads\/2025\/01\/sac-et-cereales-aliplus_2-300x78.jpg 300w, https:\/\/voedersmellaerts.eu\/wp-content\/uploads\/2025\/01\/sac-et-cereales-aliplus_2-768x199.jpg 768w, https:\/\/voedersmellaerts.eu\/wp-content\/uploads\/2025\/01\/sac-et-cereales-aliplus_2-18x5.jpg 18w, https:\/\/voedersmellaerts.eu\/wp-content\/uploads\/2025\/01\/sac-et-cereales-aliplus_2.jpg 1157w\" sizes=\"(max-width: 1024px) 100vw, 1024px\" \/>\t\t\t\t\t\t\t\t\t\t\t\t\t\t\t<\/div>\n\t\t\t\t<\/div>\n\t\t\t\t\t<\/div>\n\t\t<\/div>\n\t\t\t\t\t<\/div>\n\t\t<\/section>\n\t\t\t\t<section class=\"elementor-section elementor-top-section elementor-element elementor-element-a7a24af elementor-section-content-middle elementor-section-boxed elementor-section-height-default elementor-section-height-default\" data-id=\"a7a24af\" data-element_type=\"section\">\n\t\t\t\t\t\t<div class=\"elementor-container elementor-column-gap-narrow\">\n\t\t\t\t\t<div class=\"elementor-column elementor-col-100 elementor-top-column elementor-element elementor-element-352ea18\" data-id=\"352ea18\" data-element_type=\"column\">\n\t\t\t<div class=\"elementor-widget-wrap elementor-element-populated\">\n\t\t\t\t\t\t<div class=\"elementor-element elementor-element-951a2ce elementor-widget elementor-widget-text-editor\" data-id=\"951a2ce\" data-element_type=\"widget\" data-widget_type=\"text-editor.default\">\n\t\t\t\t<div class=\"elementor-widget-container\">\n\t\t\t\t\t\t\t\t\t<h3 style=\"text-align: center;\"><strong>Voordelen<br \/><\/strong><\/h3>\n<ul>\n<li>Betere vertering van het volledige rantsoen door een completere fermentatie.<\/li>\n<li>Aanzienlijke toename van de microbi\u00eble eiwitsynthese en de productie van vluchtige vetzuren.<\/li>\n<li>Betere benutting en waardenverhoging van de opgenomen voeding.<\/li>\n<li>Vermindering van de eiwitbehoefte van het dier.<\/li>\n<li>Verlaging van de ecologische voetafdruk.<\/li>\n<li>Reductie van methaanuitstoot.<\/li>\n<li>Verbetering van melkgehaltes, vleeskwaliteit, gezondheid en rust bij runderen, schapen en geiten.<\/li>\n<\/ul>\t\t\t\t\t\t\t\t<\/div>\n\t\t\t\t<\/div>\n\t\t\t\t\t<\/div>\n\t\t<\/div>\n\t\t\t\t\t<\/div>\n\t\t<\/section>\n\t\t\t\t<section class=\"elementor-section elementor-top-section elementor-element elementor-element-f56d426 elementor-section-boxed elementor-section-height-default elementor-section-height-default\" data-id=\"f56d426\" data-element_type=\"section\">\n\t\t\t\t\t\t<div class=\"elementor-container elementor-column-gap-default\">\n\t\t\t\t\t<div class=\"elementor-column elementor-col-100 elementor-top-column elementor-element elementor-element-83ef457\" data-id=\"83ef457\" data-element_type=\"column\">\n\t\t\t<div class=\"elementor-widget-wrap elementor-element-populated\">\n\t\t\t\t\t\t<div class=\"elementor-element elementor-element-658fa2a elementor-widget elementor-widget-image\" data-id=\"658fa2a\" data-element_type=\"widget\" data-widget_type=\"image.default\">\n\t\t\t\t<div class=\"elementor-widget-container\">\n\t\t\t\t\t\t\t\t\t\t\t\t\t\t\t<img decoding=\"async\" width=\"980\" height=\"613\" src=\"https:\/\/voedersmellaerts.eu\/wp-content\/uploads\/2025\/01\/Composants-aliplus.jpg\" class=\"attachment-large size-large wp-image-1552\" alt=\"\" srcset=\"https:\/\/voedersmellaerts.eu\/wp-content\/uploads\/2025\/01\/Composants-aliplus.jpg 980w, https:\/\/voedersmellaerts.eu\/wp-content\/uploads\/2025\/01\/Composants-aliplus-300x188.jpg 300w, https:\/\/voedersmellaerts.eu\/wp-content\/uploads\/2025\/01\/Composants-aliplus-768x480.jpg 768w, https:\/\/voedersmellaerts.eu\/wp-content\/uploads\/2025\/01\/Composants-aliplus-18x12.jpg 18w\" sizes=\"(max-width: 980px) 100vw, 980px\" \/>\t\t\t\t\t\t\t\t\t\t\t\t\t\t\t<\/div>\n\t\t\t\t<\/div>\n\t\t\t\t\t<\/div>\n\t\t<\/div>\n\t\t\t\t\t<\/div>\n\t\t<\/section>\n\t\t\t\t<section class=\"elementor-section elementor-top-section elementor-element elementor-element-47d7926 elementor-section-boxed elementor-section-height-default elementor-section-height-default\" data-id=\"47d7926\" data-element_type=\"section\">\n\t\t\t\t\t\t<div class=\"elementor-container elementor-column-gap-default\">\n\t\t\t\t\t<div class=\"elementor-column elementor-col-100 elementor-top-column elementor-element elementor-element-a1d73f1\" data-id=\"a1d73f1\" data-element_type=\"column\">\n\t\t\t<div class=\"elementor-widget-wrap elementor-element-populated\">\n\t\t\t\t\t\t<div class=\"elementor-element elementor-element-7e883ec elementor-widget elementor-widget-text-editor\" data-id=\"7e883ec\" data-element_type=\"widget\" data-widget_type=\"text-editor.default\">\n\t\t\t\t<div class=\"elementor-widget-container\">\n\t\t\t\t\t\t\t\t\t<p>Het ALIPLUS-proces is een echte kans om tegelijkertijd een indrukwekkend aantal uitdagingen aan te\ngaan, terwijl het zorgt voor een eenvoudige valorisatie van lokale natuurlijke hulpbronnen en een\neffici\u00ebnte productie van melk en vlees.<\/p><p>Wil je meer weten? <br \/>Ga een kijkje nemen op de website van Aliplus.\u00a0<span style=\"text-decoration: underline;\"><strong><a href=\"https:\/\/france-aliplus.fr\" target=\"_blank\" rel=\"noopener\">Website Aliplus<\/a><\/strong><\/span> d\u00e8s maitenant. <\/p>\t\t\t\t\t\t\t\t<\/div>\n\t\t\t\t<\/div>\n\t\t\t\t\t<\/div>\n\t\t<\/div>\n\t\t\t\t\t<\/div>\n\t\t<\/section>\n\t\t\t\t<\/div>","protected":false},"excerpt":{"rendered":"<p>Importateur de la m\u00e9thode Aliplus en Belgique Proc\u00e9d\u00e9 consistant \u00e0 cr\u00e9er une r\u00e9action biochimique naturelle qui transforme les c\u00e9r\u00e9ales en un produit totalement s\u00e9curis\u00e9 qui oppose une r\u00e9sistance tr\u00e8s importante au ph\u00e9nom\u00e8ne d\u2019acidose tout en faisant gagner \u00e0 ce substrat 4,8 points de prot\u00e9ine ! Avantages Am\u00e9lioration de la digestion de l\u2019ensemble de la ration [&hellip;]<\/p>","protected":false},"author":2,"featured_media":0,"parent":151,"menu_order":0,"comment_status":"closed","ping_status":"closed","template":"","meta":{"footnotes":""},"class_list":["post-1545","page","type-page","status-publish","hentry","wpbf-post"],"_links":{"self":[{"href":"https:\/\/voedersmellaerts.eu\/nl\/wp-json\/wp\/v2\/pages\/1545","targetHints":{"allow":["GET"]}}],"collection":[{"href":"https:\/\/voedersmellaerts.eu\/nl\/wp-json\/wp\/v2\/pages"}],"about":[{"href":"https:\/\/voedersmellaerts.eu\/nl\/wp-json\/wp\/v2\/types\/page"}],"author":[{"embeddable":true,"href":"https:\/\/voedersmellaerts.eu\/nl\/wp-json\/wp\/v2\/users\/2"}],"replies":[{"embeddable":true,"href":"https:\/\/voedersmellaerts.eu\/nl\/wp-json\/wp\/v2\/comments?post=1545"}],"version-history":[{"count":16,"href":"https:\/\/voedersmellaerts.eu\/nl\/wp-json\/wp\/v2\/pages\/1545\/revisions"}],"predecessor-version":[{"id":1565,"href":"https:\/\/voedersmellaerts.eu\/nl\/wp-json\/wp\/v2\/pages\/1545\/revisions\/1565"}],"up":[{"embeddable":true,"href":"https:\/\/voedersmellaerts.eu\/nl\/wp-json\/wp\/v2\/pages\/151"}],"wp:attachment":[{"href":"https:\/\/voedersmellaerts.eu\/nl\/wp-json\/wp\/v2\/media?parent=1545"}],"curies":[{"name":"wp","href":"https:\/\/api.w.org\/{rel}","templated":true}]}}