{"id":194,"date":"2022-11-09T16:01:23","date_gmt":"2022-11-09T15:01:23","guid":{"rendered":"https:\/\/voedersmellaerts.eu\/?page_id=194"},"modified":"2024-04-15T15:26:08","modified_gmt":"2024-04-15T13:26:08","slug":"services","status":"publish","type":"page","link":"https:\/\/voedersmellaerts.eu\/nl\/services\/","title":{"rendered":"Diensten"},"content":{"rendered":"<div data-elementor-type=\"wp-page\" data-elementor-id=\"194\" class=\"elementor elementor-194\">\n\t\t\t\t\t\t<section class=\"elementor-section elementor-top-section elementor-element elementor-element-47243b5 elementor-section-full_width elementor-section-stretched elementor-section-height-default elementor-section-height-default\" data-id=\"47243b5\" data-element_type=\"section\" data-settings=\"{&quot;stretch_section&quot;:&quot;section-stretched&quot;}\">\n\t\t\t\t\t\t<div class=\"elementor-container elementor-column-gap-default\">\n\t\t\t\t\t<div class=\"elementor-column elementor-col-100 elementor-top-column elementor-element elementor-element-1f9916a nowrapping\" data-id=\"1f9916a\" data-element_type=\"column\">\n\t\t\t<div class=\"elementor-widget-wrap elementor-element-populated\">\n\t\t\t\t\t\t<div class=\"elementor-element elementor-element-7c8b0ff elementor-widget elementor-widget-shortcode\" data-id=\"7c8b0ff\" data-element_type=\"widget\" data-widget_type=\"shortcode.default\">\n\t\t\t\t<div class=\"elementor-widget-container\">\n\t\t\t\t\t\t\t<div class=\"elementor-shortcode\">\t\t<div data-elementor-type=\"wp-post\" data-elementor-id=\"1120\" class=\"elementor elementor-1120\">\n\t\t\t\t\t\t<section class=\"elementor-section elementor-top-section elementor-element elementor-element-63d5b67 elementor-section-height-min-height elementor-section-items-stretch elementor-section-content-middle elementor-section-boxed elementor-section-height-default\" data-id=\"63d5b67\" data-element_type=\"section\" data-settings=\"{&quot;background_background&quot;:&quot;slideshow&quot;,&quot;background_slideshow_gallery&quot;:[{&quot;id&quot;:1094,&quot;url&quot;:&quot;https:\\\/\\\/voedersmellaerts.eu\\\/wp-content\\\/uploads\\\/2023\\\/04\\\/slide0.jpg&quot;},{&quot;id&quot;:1015,&quot;url&quot;:&quot;https:\\\/\\\/voedersmellaerts.eu\\\/wp-content\\\/uploads\\\/2023\\\/04\\\/slide4.jpg&quot;},{&quot;id&quot;:1250,&quot;url&quot;:&quot;https:\\\/\\\/voedersmellaerts.eu\\\/wp-content\\\/uploads\\\/2023\\\/04\\\/slide5.jpg&quot;},{&quot;id&quot;:1014,&quot;url&quot;:&quot;https:\\\/\\\/voedersmellaerts.eu\\\/wp-content\\\/uploads\\\/2023\\\/04\\\/slide3.jpg&quot;},{&quot;id&quot;:1013,&quot;url&quot;:&quot;https:\\\/\\\/voedersmellaerts.eu\\\/wp-content\\\/uploads\\\/2023\\\/04\\\/slide2.jpg&quot;},{&quot;id&quot;:1012,&quot;url&quot;:&quot;https:\\\/\\\/voedersmellaerts.eu\\\/wp-content\\\/uploads\\\/2023\\\/04\\\/slide1.jpg&quot;}],&quot;background_slideshow_transition_duration&quot;:750,&quot;background_slideshow_loop&quot;:&quot;yes&quot;,&quot;background_slideshow_slide_duration&quot;:5000,&quot;background_slideshow_slide_transition&quot;:&quot;fade&quot;}\">\n\t\t\t\t\t\t\t<div class=\"elementor-background-overlay\"><\/div>\n\t\t\t\t\t\t\t<div class=\"elementor-container elementor-column-gap-no\">\n\t\t\t\t\t<div class=\"elementor-column elementor-col-100 elementor-top-column elementor-element elementor-element-77ce3b99\" data-id=\"77ce3b99\" data-element_type=\"column\" data-settings=\"{&quot;background_background&quot;:&quot;slideshow&quot;,&quot;background_slideshow_gallery&quot;:[],&quot;background_slideshow_loop&quot;:&quot;yes&quot;,&quot;background_slideshow_slide_duration&quot;:5000,&quot;background_slideshow_slide_transition&quot;:&quot;fade&quot;,&quot;background_slideshow_transition_duration&quot;:500}\">\n\t\t\t<div class=\"elementor-widget-wrap elementor-element-populated\">\n\t\t\t\t\t\t<div class=\"elementor-element elementor-element-5086a70c elementor-invisible elementor-widget elementor-widget-heading\" data-id=\"5086a70c\" data-element_type=\"widget\" data-settings=\"{&quot;_animation&quot;:&quot;fadeIn&quot;}\" data-widget_type=\"heading.default\">\n\t\t\t\t<div class=\"elementor-widget-container\">\n\t\t\t\t\t<h1 class=\"elementor-heading-title elementor-size-default\">Mengvoederfabrikant van <br>\ndroge en semi-natte veevoeders<\/h1>\t\t\t\t<\/div>\n\t\t\t\t<\/div>\n\t\t\t\t<div class=\"elementor-element elementor-element-3343b71b elementor-invisible elementor-widget elementor-widget-heading\" data-id=\"3343b71b\" data-element_type=\"widget\" data-settings=\"{&quot;_animation&quot;:&quot;fadeIn&quot;}\" data-widget_type=\"heading.default\">\n\t\t\t\t<div class=\"elementor-widget-container\">\n\t\t\t\t\t<h5 class=\"elementor-heading-title elementor-size-default\">Kwaliteitsvolle voeders, flexibiliteit en klanttevredenheid zijn voor ons essentieel!<\/h5>\t\t\t\t<\/div>\n\t\t\t\t<\/div>\n\t\t\t\t<div class=\"elementor-element elementor-element-3fcb0560 elementor-widget elementor-widget-text-editor\" data-id=\"3fcb0560\" data-element_type=\"widget\" data-widget_type=\"text-editor.default\">\n\t\t\t\t<div class=\"elementor-widget-container\">\n\t\t\t\t\t\t\t\t\t<i class=\"las la-award\"><\/i>\t\t\t\t\t\t\t\t<\/div>\n\t\t\t\t<\/div>\n\t\t\t\t\t<\/div>\n\t\t<\/div>\n\t\t\t\t\t<\/div>\n\t\t<\/section>\n\t\t\t\t<\/div>\n\t\t<\/div>\n\t\t\t\t\t\t<\/div>\n\t\t\t\t<\/div>\n\t\t\t\t\t<\/div>\n\t\t<\/div>\n\t\t\t\t\t<\/div>\n\t\t<\/section>\n\t\t\t\t<section class=\"elementor-section elementor-top-section elementor-element elementor-element-6bd6a58 elementor-section-content-middle elementor-section-boxed elementor-section-height-default elementor-section-height-default\" data-id=\"6bd6a58\" data-element_type=\"section\">\n\t\t\t\t\t\t<div class=\"elementor-container elementor-column-gap-no\">\n\t\t\t\t\t<div class=\"elementor-column elementor-col-100 elementor-top-column elementor-element elementor-element-3376057\" data-id=\"3376057\" data-element_type=\"column\">\n\t\t\t<div class=\"elementor-widget-wrap elementor-element-populated\">\n\t\t\t\t\t\t<div class=\"elementor-element elementor-element-8e72ac8 elementor-widget elementor-widget-heading\" data-id=\"8e72ac8\" data-element_type=\"widget\" data-widget_type=\"heading.default\">\n\t\t\t\t<div class=\"elementor-widget-container\">\n\t\t\t\t\t<h2 class=\"elementor-heading-title elementor-size-default\">Een waaier van diensten<\/h2>\t\t\t\t<\/div>\n\t\t\t\t<\/div>\n\t\t\t\t<div class=\"elementor-element elementor-element-7dd3f6d elementor-widget elementor-widget-text-editor\" data-id=\"7dd3f6d\" data-element_type=\"widget\" data-widget_type=\"text-editor.default\">\n\t\t\t\t<div class=\"elementor-widget-container\">\n\t\t\t\t\t\t\t\t\t<p>Als Voeders Mellaerts zijn wij al lange tijd leverancier van hoogwaardige diervoeders. Om beter aan de wensen van onze klanten te kunnen voldoen, hebben wij een kwaliteitssysteem ontwikkeld dat voldoet aan de geldende wet- en regelgeving. Wij zijn ons ervan bewust dat het voer dat wij produceren en verkopen deel uitmaakt van de voedselketen en daarom absoluut veilig en betrouwbaar moet zijn.<\/p>\t\t\t\t\t\t\t\t<\/div>\n\t\t\t\t<\/div>\n\t\t\t\t\t<\/div>\n\t\t<\/div>\n\t\t\t\t\t<\/div>\n\t\t<\/section>\n\t\t\t\t<section class=\"elementor-section elementor-top-section elementor-element elementor-element-8366b79 elementor-section-boxed elementor-section-height-default elementor-section-height-default\" data-id=\"8366b79\" data-element_type=\"section\">\n\t\t\t\t\t\t<div class=\"elementor-container elementor-column-gap-no\">\n\t\t\t\t\t<div class=\"elementor-column elementor-col-100 elementor-top-column elementor-element elementor-element-52927d4f\" data-id=\"52927d4f\" data-element_type=\"column\">\n\t\t\t<div class=\"elementor-widget-wrap elementor-element-populated\">\n\t\t\t\t\t\t<section class=\"elementor-section elementor-inner-section elementor-element elementor-element-62bea3cd elementor-section-full_width elementor-section-height-default elementor-section-height-default\" data-id=\"62bea3cd\" data-element_type=\"section\">\n\t\t\t\t\t\t<div class=\"elementor-container elementor-column-gap-no\">\n\t\t\t\t\t<div class=\"elementor-column elementor-col-33 elementor-inner-column elementor-element elementor-element-49686bbb\" data-id=\"49686bbb\" data-element_type=\"column\">\n\t\t\t<div class=\"elementor-widget-wrap elementor-element-populated\">\n\t\t\t\t\t\t<div class=\"elementor-element elementor-element-4252648f elementor-position-top elementor-widget elementor-widget-image-box\" data-id=\"4252648f\" data-element_type=\"widget\" data-widget_type=\"image-box.default\">\n\t\t\t\t<div class=\"elementor-widget-container\">\n\t\t\t\t\t<div class=\"elementor-image-box-wrapper\"><figure class=\"elementor-image-box-img\"><img fetchpriority=\"high\" decoding=\"async\" width=\"1312\" height=\"1312\" src=\"https:\/\/voedersmellaerts.eu\/wp-content\/uploads\/2023\/03\/Camion-voeders-Mellaerts.jpg\" class=\"elementor-animation-grow attachment-full size-full wp-image-891\" alt=\"\" srcset=\"https:\/\/voedersmellaerts.eu\/wp-content\/uploads\/2023\/03\/Camion-voeders-Mellaerts.jpg 1312w, https:\/\/voedersmellaerts.eu\/wp-content\/uploads\/2023\/03\/Camion-voeders-Mellaerts-300x300.jpg 300w, https:\/\/voedersmellaerts.eu\/wp-content\/uploads\/2023\/03\/Camion-voeders-Mellaerts-1024x1024.jpg 1024w, https:\/\/voedersmellaerts.eu\/wp-content\/uploads\/2023\/03\/Camion-voeders-Mellaerts-150x150.jpg 150w, https:\/\/voedersmellaerts.eu\/wp-content\/uploads\/2023\/03\/Camion-voeders-Mellaerts-768x768.jpg 768w, https:\/\/voedersmellaerts.eu\/wp-content\/uploads\/2023\/03\/Camion-voeders-Mellaerts-12x12.jpg 12w\" sizes=\"(max-width: 1312px) 100vw, 1312px\" \/><\/figure><div class=\"elementor-image-box-content\"><h4 class=\"elementor-image-box-title\">Graanhandel<\/h4><p class=\"elementor-image-box-description\">Wij kopen het hele jaar door tarwe, gerst en haver geladen op het veld of op de boerderij. \n\nTijdens de oogsten zijn we ontvanger van de granen geleverd bij ons op het bedrijf.<\/p><\/div><\/div>\t\t\t\t<\/div>\n\t\t\t\t<\/div>\n\t\t\t\t\t<\/div>\n\t\t<\/div>\n\t\t\t\t<div class=\"elementor-column elementor-col-33 elementor-inner-column elementor-element elementor-element-574a26b3\" data-id=\"574a26b3\" data-element_type=\"column\">\n\t\t\t<div class=\"elementor-widget-wrap elementor-element-populated\">\n\t\t\t\t\t\t<div class=\"elementor-element elementor-element-6d8f083f elementor-position-top elementor-widget elementor-widget-image-box\" data-id=\"6d8f083f\" data-element_type=\"widget\" data-widget_type=\"image-box.default\">\n\t\t\t\t<div class=\"elementor-widget-container\">\n\t\t\t\t\t<div class=\"elementor-image-box-wrapper\"><figure class=\"elementor-image-box-img\"><img decoding=\"async\" width=\"1198\" height=\"1198\" src=\"https:\/\/voedersmellaerts.eu\/wp-content\/uploads\/2023\/03\/2022-carre.jpg\" class=\"elementor-animation-grow attachment-full size-full wp-image-819\" alt=\"\" srcset=\"https:\/\/voedersmellaerts.eu\/wp-content\/uploads\/2023\/03\/2022-carre.jpg 1198w, https:\/\/voedersmellaerts.eu\/wp-content\/uploads\/2023\/03\/2022-carre-300x300.jpg 300w, https:\/\/voedersmellaerts.eu\/wp-content\/uploads\/2023\/03\/2022-carre-1024x1024.jpg 1024w, https:\/\/voedersmellaerts.eu\/wp-content\/uploads\/2023\/03\/2022-carre-150x150.jpg 150w, https:\/\/voedersmellaerts.eu\/wp-content\/uploads\/2023\/03\/2022-carre-768x768.jpg 768w, https:\/\/voedersmellaerts.eu\/wp-content\/uploads\/2023\/03\/2022-carre-12x12.jpg 12w\" sizes=\"(max-width: 1198px) 100vw, 1198px\" \/><\/figure><div class=\"elementor-image-box-content\"><h4 class=\"elementor-image-box-title\">Mengen van grote volumes<\/h4><p class=\"elementor-image-box-description\">Naast onze eigen mengwagens op ons bedrijf in Tielt-Winge beschikken wij ook over een mobiele mengwagen van 45m3 die in staat is om vloeibaar voer te mengen met grondstoffen en\/of uw eigen voederbieten om deze het hele jaar door te bewaren.<\/p><\/div><\/div>\t\t\t\t<\/div>\n\t\t\t\t<\/div>\n\t\t\t\t\t<\/div>\n\t\t<\/div>\n\t\t\t\t<div class=\"elementor-column elementor-col-33 elementor-inner-column elementor-element elementor-element-7f6e91c7\" data-id=\"7f6e91c7\" data-element_type=\"column\">\n\t\t\t<div class=\"elementor-widget-wrap elementor-element-populated\">\n\t\t\t\t\t\t<div class=\"elementor-element elementor-element-429c60d elementor-position-top elementor-widget elementor-widget-image-box\" data-id=\"429c60d\" data-element_type=\"widget\" data-widget_type=\"image-box.default\">\n\t\t\t\t<div class=\"elementor-widget-container\">\n\t\t\t\t\t<div class=\"elementor-image-box-wrapper\"><figure class=\"elementor-image-box-img\"><img decoding=\"async\" width=\"800\" height=\"800\" src=\"https:\/\/voedersmellaerts.eu\/wp-content\/uploads\/2023\/02\/voeders-mellaerts-transport.jpg\" class=\"elementor-animation-grow attachment-full size-full wp-image-596\" alt=\"\" srcset=\"https:\/\/voedersmellaerts.eu\/wp-content\/uploads\/2023\/02\/voeders-mellaerts-transport.jpg 800w, https:\/\/voedersmellaerts.eu\/wp-content\/uploads\/2023\/02\/voeders-mellaerts-transport-300x300.jpg 300w, https:\/\/voedersmellaerts.eu\/wp-content\/uploads\/2023\/02\/voeders-mellaerts-transport-150x150.jpg 150w, https:\/\/voedersmellaerts.eu\/wp-content\/uploads\/2023\/02\/voeders-mellaerts-transport-768x768.jpg 768w, https:\/\/voedersmellaerts.eu\/wp-content\/uploads\/2023\/02\/voeders-mellaerts-transport-12x12.jpg 12w\" sizes=\"(max-width: 800px) 100vw, 800px\" \/><\/figure><div class=\"elementor-image-box-content\"><h4 class=\"elementor-image-box-title\">Transweb<\/h4><p class=\"elementor-image-box-description\">Transweb is ons transportbedrijf, wij beschikken over eigen vrachtwagens en opleggers om u zo goed mogelijk van dienst te zijn qua levering. Wij kunnen leveren in big bag, gekiept, geblazen en ook met walkingfloor. <\/p><\/div><\/div>\t\t\t\t<\/div>\n\t\t\t\t<\/div>\n\t\t\t\t\t<\/div>\n\t\t<\/div>\n\t\t\t\t\t<\/div>\n\t\t<\/section>\n\t\t\t\t<section class=\"elementor-section elementor-inner-section elementor-element elementor-element-09eb4ac elementor-section-full_width elementor-section-height-default elementor-section-height-default\" data-id=\"09eb4ac\" data-element_type=\"section\">\n\t\t\t\t\t\t<div class=\"elementor-container elementor-column-gap-no\">\n\t\t\t\t\t<div class=\"elementor-column elementor-col-33 elementor-inner-column elementor-element elementor-element-1c857f5\" data-id=\"1c857f5\" data-element_type=\"column\">\n\t\t\t<div class=\"elementor-widget-wrap elementor-element-populated\">\n\t\t\t\t\t\t<div class=\"elementor-element elementor-element-72cbbd6 elementor-position-top elementor-widget elementor-widget-image-box\" data-id=\"72cbbd6\" data-element_type=\"widget\" data-widget_type=\"image-box.default\">\n\t\t\t\t<div class=\"elementor-widget-container\">\n\t\t\t\t\t<div class=\"elementor-image-box-wrapper\"><figure class=\"elementor-image-box-img\"><img loading=\"lazy\" decoding=\"async\" width=\"900\" height=\"900\" src=\"https:\/\/voedersmellaerts.eu\/wp-content\/uploads\/2023\/03\/Sechoir-a-mais-Mellaerts.jpg\" class=\"elementor-animation-grow attachment-full size-full wp-image-893\" alt=\"\" srcset=\"https:\/\/voedersmellaerts.eu\/wp-content\/uploads\/2023\/03\/Sechoir-a-mais-Mellaerts.jpg 900w, https:\/\/voedersmellaerts.eu\/wp-content\/uploads\/2023\/03\/Sechoir-a-mais-Mellaerts-300x300.jpg 300w, https:\/\/voedersmellaerts.eu\/wp-content\/uploads\/2023\/03\/Sechoir-a-mais-Mellaerts-150x150.jpg 150w, https:\/\/voedersmellaerts.eu\/wp-content\/uploads\/2023\/03\/Sechoir-a-mais-Mellaerts-768x768.jpg 768w, https:\/\/voedersmellaerts.eu\/wp-content\/uploads\/2023\/03\/Sechoir-a-mais-Mellaerts-12x12.jpg 12w\" sizes=\"(max-width: 900px) 100vw, 900px\" \/><\/figure><div class=\"elementor-image-box-content\"><h4 class=\"elementor-image-box-title\">Ma\u00efs droger <\/h4><p class=\"elementor-image-box-description\">Wij kopen natte ma\u00efs tijdens het seizoen (op het veld of rechtstreeks bij ons geleverd) om deze vervolgens te drogen en te gebruiken in onze producties. <\/p><\/div><\/div>\t\t\t\t<\/div>\n\t\t\t\t<\/div>\n\t\t\t\t\t<\/div>\n\t\t<\/div>\n\t\t\t\t<div class=\"elementor-column elementor-col-33 elementor-inner-column elementor-element elementor-element-a4e6880\" data-id=\"a4e6880\" data-element_type=\"column\">\n\t\t\t<div class=\"elementor-widget-wrap elementor-element-populated\">\n\t\t\t\t\t\t<div class=\"elementor-element elementor-element-e2c2dbd elementor-position-top elementor-widget elementor-widget-image-box\" data-id=\"e2c2dbd\" data-element_type=\"widget\" data-widget_type=\"image-box.default\">\n\t\t\t\t<div class=\"elementor-widget-container\">\n\t\t\t\t\t<div class=\"elementor-image-box-wrapper\"><figure class=\"elementor-image-box-img\"><img loading=\"lazy\" decoding=\"async\" width=\"800\" height=\"800\" src=\"https:\/\/voedersmellaerts.eu\/wp-content\/uploads\/2023\/02\/voeders-mellaerts-introduction.jpg\" class=\"elementor-animation-grow attachment-full size-full wp-image-592\" alt=\"\" srcset=\"https:\/\/voedersmellaerts.eu\/wp-content\/uploads\/2023\/02\/voeders-mellaerts-introduction.jpg 800w, https:\/\/voedersmellaerts.eu\/wp-content\/uploads\/2023\/02\/voeders-mellaerts-introduction-300x300.jpg 300w, https:\/\/voedersmellaerts.eu\/wp-content\/uploads\/2023\/02\/voeders-mellaerts-introduction-150x150.jpg 150w, https:\/\/voedersmellaerts.eu\/wp-content\/uploads\/2023\/02\/voeders-mellaerts-introduction-768x768.jpg 768w, https:\/\/voedersmellaerts.eu\/wp-content\/uploads\/2023\/02\/voeders-mellaerts-introduction-12x12.jpg 12w\" sizes=\"(max-width: 800px) 100vw, 800px\" \/><\/figure><div class=\"elementor-image-box-content\"><h4 class=\"elementor-image-box-title\">De Molen<\/h4><p class=\"elementor-image-box-description\">Onze automatische maal- en menglijn laat een brede waaier van mogelijkheden toe om aan ieders wensen te voldoen<\/p><\/div><\/div>\t\t\t\t<\/div>\n\t\t\t\t<\/div>\n\t\t\t\t\t<\/div>\n\t\t<\/div>\n\t\t\t\t<div class=\"elementor-column elementor-col-33 elementor-inner-column elementor-element elementor-element-3f3fedf\" data-id=\"3f3fedf\" data-element_type=\"column\">\n\t\t\t<div class=\"elementor-widget-wrap elementor-element-populated\">\n\t\t\t\t\t\t<div class=\"elementor-element elementor-element-06c114a elementor-position-top elementor-widget elementor-widget-image-box\" data-id=\"06c114a\" data-element_type=\"widget\" data-widget_type=\"image-box.default\">\n\t\t\t\t<div class=\"elementor-widget-container\">\n\t\t\t\t\t<div class=\"elementor-image-box-wrapper\"><figure class=\"elementor-image-box-img\"><img loading=\"lazy\" decoding=\"async\" width=\"2560\" height=\"2560\" src=\"https:\/\/voedersmellaerts.eu\/wp-content\/uploads\/2024\/04\/VL-scaled.jpg\" class=\"elementor-animation-grow attachment-full size-full wp-image-1525\" alt=\"\" srcset=\"https:\/\/voedersmellaerts.eu\/wp-content\/uploads\/2024\/04\/VL-scaled.jpg 2560w, https:\/\/voedersmellaerts.eu\/wp-content\/uploads\/2024\/04\/VL-300x300.jpg 300w, https:\/\/voedersmellaerts.eu\/wp-content\/uploads\/2024\/04\/VL-1024x1024.jpg 1024w, https:\/\/voedersmellaerts.eu\/wp-content\/uploads\/2024\/04\/VL-150x150.jpg 150w, https:\/\/voedersmellaerts.eu\/wp-content\/uploads\/2024\/04\/VL-768x768.jpg 768w, https:\/\/voedersmellaerts.eu\/wp-content\/uploads\/2024\/04\/VL-1536x1536.jpg 1536w, https:\/\/voedersmellaerts.eu\/wp-content\/uploads\/2024\/04\/VL-2048x2048.jpg 2048w, https:\/\/voedersmellaerts.eu\/wp-content\/uploads\/2024\/04\/VL-12x12.jpg 12w\" sizes=\"(max-width: 2560px) 100vw, 2560px\" \/><\/figure><div class=\"elementor-image-box-content\"><h4 class=\"elementor-image-box-title\">Voedingsadvies<\/h4><p class=\"elementor-image-box-description\">Onze nutritionisten hebben een uitgebreide kennis van veevoeding en kunnen u adviseren over de beste oplossing voor uw bedrijf. De voorgestelde rantsoenen zijn gebaseerd op de vooraf geanalyseerde kwaliteit van uw ruwvoer en op de marktprijzen.<\/p><\/div><\/div>\t\t\t\t<\/div>\n\t\t\t\t<\/div>\n\t\t\t\t\t<\/div>\n\t\t<\/div>\n\t\t\t\t\t<\/div>\n\t\t<\/section>\n\t\t\t\t\t<\/div>\n\t\t<\/div>\n\t\t\t\t\t<\/div>\n\t\t<\/section>\n\t\t\t\t<\/div>","protected":false},"excerpt":{"rendered":"<p>Un \u00e9ventail de services En tant que Voeders Mellaerts, nous sommes maintenant un fournisseur d\u2019aliments de haute qualit\u00e9 pour animaux depuis longtemps. Afin de mieux r\u00e9pondre aux souhaits de nos clients, nous avons d\u00e9velopp\u00e9 un syst\u00e8me de qualit\u00e9 conforme aux lois et r\u00e8glements applicables. Nous sommes conscient que les aliments pour animaux que nous produisons [&hellip;]<\/p>","protected":false},"author":1,"featured_media":0,"parent":0,"menu_order":0,"comment_status":"closed","ping_status":"closed","template":"elementor_header_footer","meta":{"footnotes":""},"class_list":["post-194","page","type-page","status-publish","hentry","wpbf-post"],"_links":{"self":[{"href":"https:\/\/voedersmellaerts.eu\/nl\/wp-json\/wp\/v2\/pages\/194","targetHints":{"allow":["GET"]}}],"collection":[{"href":"https:\/\/voedersmellaerts.eu\/nl\/wp-json\/wp\/v2\/pages"}],"about":[{"href":"https:\/\/voedersmellaerts.eu\/nl\/wp-json\/wp\/v2\/types\/page"}],"author":[{"embeddable":true,"href":"https:\/\/voedersmellaerts.eu\/nl\/wp-json\/wp\/v2\/users\/1"}],"replies":[{"embeddable":true,"href":"https:\/\/voedersmellaerts.eu\/nl\/wp-json\/wp\/v2\/comments?post=194"}],"version-history":[{"count":92,"href":"https:\/\/voedersmellaerts.eu\/nl\/wp-json\/wp\/v2\/pages\/194\/revisions"}],"predecessor-version":[{"id":1528,"href":"https:\/\/voedersmellaerts.eu\/nl\/wp-json\/wp\/v2\/pages\/194\/revisions\/1528"}],"wp:attachment":[{"href":"https:\/\/voedersmellaerts.eu\/nl\/wp-json\/wp\/v2\/media?parent=194"}],"curies":[{"name":"wp","href":"https:\/\/api.w.org\/{rel}","templated":true}]}}